{"id":18,"date":"2023-05-29T13:23:17","date_gmt":"2023-05-29T13:23:17","guid":{"rendered":"https:\/\/startersites.io\/blocksy\/real-estate\/?page_id=18"},"modified":"2025-11-07T13:46:15","modified_gmt":"2025-11-07T13:46:15","slug":"contact","status":"publish","type":"page","link":"https:\/\/eylulcelikyapiprefabrik.com.tr\/index.php\/contact\/","title":{"rendered":"\u0130LET\u0130\u015e\u0130M"},"content":{"rendered":"\n<div class=\"wp-block-greenshift-blocks-row gspb_row gspb_row-id-gsbp-9528fda7-dc69 gspb_row--gutter-custom-0\" id=\"gspb_row-id-gsbp-9528fda7-dc69\"><div class=\"gspb_row__content\"> \n<div class=\"wp-block-greenshift-blocks-row-column gspb_row__col--6 gspb_row__col--md-12 gspb_col-id-gsbp-a41d7a44-0623\" id=\"gspb_col-id-gsbp-a41d7a44-0623\">\n<div class=\"wp-block-greenshift-blocks-image gspb_image gspb_image-id-gsbp-b652a42d-f0d3\" id=\"gspb_image-id-gsbp-b652a42d-f0d3\"><img decoding=\"async\" src=\"https:\/\/eylulcelikyapiprefabrik.com.tr\/wp-content\/uploads\/2025\/11\/178m2-tek-katli-celik-ev-02-1.webp\" data-src=\"\" alt=\"\" loading=\"lazy\" width=\"100%\" height=\"1281\"\/><\/div>\n\n\n\n<h4 id=\"gspb_heading-id-gsbp-3f83d347-c290\" class=\"gspb_heading gspb_heading-id-gsbp-3f83d347-c290 \">\u00c7ALI\u015eMA SAATLER\u0130<\/h4>\n\n\n\n<div class=\"wp-block-greenshift-blocks-container gspb_container gspb_container-gsbp-9602be38-8b81\" id=\"gspb_container-id-gsbp-9602be38-8b81\">\n<div id=\"gspb_text-id-gsbp-b9d81680-4129\" class=\"gspb_text gspb_text-id-gsbp-b9d81680-4129 \">Pazartesi &#8211; Cumartesi<\/div>\n\n\n\n<div class=\"wp-block-greenshift-blocks-container gspb_container gspb_container-gsbp-2cac192d-ca21\" id=\"gspb_container-id-gsbp-2cac192d-ca21\"><\/div>\n\n\n\n<div id=\"gspb_text-id-gsbp-c7c51e1b-b53e\" class=\"gspb_text gspb_text-id-gsbp-c7c51e1b-b53e \">09.00 \/ 18.00<\/div>\n<\/div>\n\n\n\n<div class=\"wp-block-greenshift-blocks-container gspb_container gspb_container-gsbp-a538df87-3bc6\" id=\"gspb_container-id-gsbp-a538df87-3bc6\">\n<div id=\"gspb_text-id-gsbp-7c904e54-b73e\" class=\"gspb_text gspb_text-id-gsbp-7c904e54-b73e \">Pazar<\/div>\n\n\n\n<div class=\"wp-block-greenshift-blocks-container gspb_container gspb_container-gsbp-3cfc1115-8d57\" id=\"gspb_container-id-gsbp-3cfc1115-8d57\"><\/div>\n\n\n\n<div id=\"gspb_text-id-gsbp-5089aae8-d706\" class=\"gspb_text gspb_text-id-gsbp-5089aae8-d706 \">KAPALI<\/div>\n<\/div>\n<\/div>\n\n\n\n<div class=\"wp-block-greenshift-blocks-row-column gspb_row__col--6 gspb_row__col--md-12 gspb_col-id-gsbp-391d1232-4460\" id=\"gspb_col-id-gsbp-391d1232-4460\">\n<h2 id=\"gspb_heading-id-gsbp-50a90151-db82\" class=\"gspb_heading gspb_heading-id-gsbp-50a90151-db82 \">\u0130LET\u0130\u015e\u0130M<\/h2>\n\n\n<div class=\"ct-block-wrapper\">\n\n<h3 class=\"wp-block-heading has-medium-font-size\" id=\"hemen-bize-ulasin\">Hemen bize ula\u015f\u0131n .<\/h3>\n\n\n<div class=\"ct-contact-info-block \" style=\"--theme-icon-size:20px;--items-direction:column;--theme-block-text-color:var(--wp--preset--color--palette-color-8);--theme-icon-color:var(--wp--preset--color--palette-color-7);--background-color:rgba(218, 222, 228, 0.5);--background-hover-color:rgba(218, 222, 228, 0.7);\">\n\t\t<ul data-icons-type=\"rounded:outline\">\n\t\t\t\t\t\t\t\t\t\t\t<li class=\"\">\n\t\t\t\t\t<span class=\"ct-icon-container\"><svg aria-hidden=\"true\" width='15' height='15' viewBox='0 0 15 15'><path d='M7.5,0C4.05365,0,1.25,2.80365,1.25,6.25c0,4.65576,5.66223,8.4845,5.90332,8.64502.10498.07019.22583.10498.34668.10498s.2417-.03479.34668-.10498c.24109-.16052,5.90332-3.98926,5.90332-8.64502,0-3.44635-2.80396-6.25-6.25-6.25ZM7.5,13.60657c-1.18561-.87952-5-3.97339-5-7.35657C2.5,3.49304,4.74304,1.25,7.5,1.25s5,2.24304,5,5c0,3.38318-3.81409,6.47705-5,7.35657ZM7.5,3.75c-1.37848,0-2.5,1.12152-2.5,2.5,0,1.37878,1.12152,2.5,2.5,2.5,1.37878,0,2.5-1.12122,2.5-2.5,0-1.37848-1.12122-2.5-2.5-2.5ZM7.5,7.5c-.68939,0-1.25-.56061-1.25-1.25s.56061-1.25,1.25-1.25c.68909,0,1.25.56061,1.25,1.25s-.56091,1.25-1.25,1.25Z'\/><\/svg><\/span>\n\t\t\t\t\t\t\t\t\t\t\t<div class=\"contact-info\">\n\t\t\t\t\t\t\t\t\t\t\t\t\t\t\t<span class=\"contact-title\">\n\t\t\t\t\t\t\t\t\tAdres:\t\t\t\t\t\t\t\t<\/span>\n\t\t\t\t\t\t\t\n\t\t\t\t\t\t\t\t\t\t\t\t\t\t\t<span class=\"contact-text\">\n\t\t\t\t\t\t\t\t\t\n\t\t\t\t\t\t\t\t\tTefenni Cad. Uzun Oluk Mah. No: 10 Antalya \/ Korkuteli \n\t\t\t\t\t\t\t\t\t\t\t\t\t\t\t\t\t<\/span>\n\t\t\t\t\t\t\t\t\t\t\t\t\t<\/div>\n\t\t\t\t\t\t\t\t\t<\/li>\n\t\t\t\t\t\t\t\t\t\t\t<li class=\"\">\n\t\t\t\t\t<span class=\"ct-icon-container\"><svg aria-hidden=\"true\" width='15' height='15' viewBox='0 0 15 15'><path d='M12.3 15h-.2c-2.1-.2-4.1-1-5.9-2.1-1.6-1-3.1-2.5-4.1-4.1C1 7 .2 5 0 2.9-.1 1.8.7.8 1.8.7H4c1 0 1.9.7 2 1.7.1.6.2 1.1.4 1.7.3.7.1 1.6-.5 2.1l-.4.4c.7 1.1 1.7 2.1 2.9 2.9l.4-.5c.6-.6 1.4-.7 2.1-.5.6.3 1.1.4 1.7.5 1 .1 1.8 1 1.7 2v2c0 .5-.2 1-.6 1.4-.3.4-.8.6-1.4.6zM4 2.1H2c-.2 0-.3.1-.4.2-.1.1-.1.3-.1.4.2 1.9.8 3.7 1.8 5.3.9 1.5 2.2 2.7 3.7 3.7 1.6 1 3.4 1.7 5.3 1.9.2 0 .3-.1.4-.2.1-.1.2-.2.2-.4v-2c0-.3-.2-.5-.5-.6-.7-.1-1.3-.3-2-.5-.2-.1-.4 0-.6.1l-.8.9c-.2.2-.6.3-.9.1C6.4 10 5 8.6 4 6.9c-.2-.3-.1-.7.1-.9l.8-.8c.2-.2.2-.4.1-.6-.2-.6-.4-1.3-.5-2 0-.3-.2-.5-.5-.5zm7.7 4.5c-.4 0-.7-.2-.7-.6-.2-1-1-1.8-2-2-.4 0-.7-.4-.6-.8.1-.4.5-.7.9-.6 1.6.3 2.8 1.5 3.1 3.1.1.4-.2.8-.6.9h-.1zm2.6 0c-.4 0-.7-.3-.7-.6-.3-2.4-2.2-4.3-4.6-4.5-.4-.1-.7-.5-.6-.9 0-.4.4-.6.8-.6 3.1.3 5.4 2.7 5.8 5.8 0 .4-.3.7-.7.8z'\/><\/svg><\/span>\n\t\t\t\t\t\t\t\t\t\t\t<div class=\"contact-info\">\n\t\t\t\t\t\t\t\t\t\t\t\t\t\t\t<span class=\"contact-title\">\n\t\t\t\t\t\t\t\t\tTelefon:\t\t\t\t\t\t\t\t<\/span>\n\t\t\t\t\t\t\t\n\t\t\t\t\t\t\t\t\t\t\t\t\t\t\t<span class=\"contact-text\">\n\t\t\t\t\t\t\t\t\t\t\t\t\t\t\t\t\t\t\t<a href=\"tel:05061895363\" >\n\t\t\t\t\t\t\t\t\t\n\t\t\t\t\t\t\t\t\t05061895363\n\t\t\t\t\t\t\t\t\t\t\t\t\t\t\t\t\t\t\t<\/a>\n\t\t\t\t\t\t\t\t\t\t\t\t\t\t\t\t\t<\/span>\n\t\t\t\t\t\t\t\t\t\t\t\t\t<\/div>\n\t\t\t\t\t\t\t\t\t<\/li>\n\t\t\t\t\t\t\t\t\t\t\t<li class=\"\">\n\t\t\t\t\t<span class=\"ct-icon-container\"><svg aria-hidden=\"true\" width='15' height='15' viewBox='0 0 15 15'><path d='M12.8 2.2C11.4.8 9.5 0 7.5 0S3.6.8 2.2 2.2C.8 3.6 0 5.5 0 7.5 0 11.6 3.4 15 7.5 15c1.6 0 3.3-.5 4.6-1.5.3-.2.4-.7.1-1-.2-.3-.7-.4-1-.1-1.1.8-2.4 1.3-3.7 1.3-3.4 0-6.1-2.8-6.1-6.1 0-1.6.6-3.2 1.8-4.3C4.3 2 5.9 1.4 7.5 1.4c1.6 0 3.2.6 4.3 1.8 1.2 1.2 1.8 2.7 1.8 4.3v.7c0 .8-.6 1.4-1.4 1.4s-1.4-.6-1.4-1.4V4.8c0-.4-.3-.7-.7-.7-.4 0-.7.3-.7.7-.4-.4-1.1-.7-1.9-.7-1.9 0-3.4 1.5-3.4 3.4s1.5 3.4 3.4 3.4c1 0 1.9-.5 2.5-1.2.5.7 1.3 1.2 2.2 1.2 1.5 0 2.7-1.2 2.7-2.7v-.7c.1-2-.7-3.9-2.1-5.3zM7.5 9.5c-1.1 0-2-.9-2-2s.9-2 2-2 2 .9 2 2-.9 2-2 2z'\/><\/svg><\/span>\n\t\t\t\t\t\t\t\t\t\t\t<div class=\"contact-info\">\n\t\t\t\t\t\t\t\t\t\t\t\t\t\t\t<span class=\"contact-title\">\n\t\t\t\t\t\t\t\t\tEmail:\t\t\t\t\t\t\t\t<\/span>\n\t\t\t\t\t\t\t\n\t\t\t\t\t\t\t\t\t\t\t\t\t\t\t<span class=\"contact-text\">\n\t\t\t\t\t\t\t\t\t\t\t\t\t\t\t\t\t\t\t<a href=\"mailto:&#099;&#111;n&#116;&#097;&#099;&#116;&#064;&#121;&#111;ur&#119;&#101;bs&#105;t&#101;&#046;&#099;o&#109;\" >\n\t\t\t\t\t\t\t\t\t\n\t\t\t\t\t\t\t\t\tasrp&#114;&#102;1&#64;&#103;mai&#108;&#46;com\n\t\t\t\t\t\t\t\t\t\t\t\t\t\t\t\t\t\t\t<\/a>\n\t\t\t\t\t\t\t\t\t\t\t\t\t\t\t\t\t<\/span>\n\t\t\t\t\t\t\t\t\t\t\t\t\t<\/div>\n\t\t\t\t\t\t\t\t\t<\/li>\n\t\t\t\t\t<\/ul>\n\n\t\t<\/div>\n<\/div><\/div>\n <\/div><\/div>\n\n\n<div class=\"gspb_id-gsbp-d6bf53b wp-block-greenshift-blocks-map\"><div data-key=\"gspb_id_gsbp_d6bf53b\" class=\"gspb_map-wrapper gspb_osmap\" id=\"gspb_map-gsbp-d6bf53b\"><\/div><\/div>","protected":false},"excerpt":{"rendered":"","protected":false},"author":1,"featured_media":0,"parent":0,"menu_order":0,"comment_status":"closed","ping_status":"closed","template":"","meta":{"_acf_changed":false,"_gspb_post_css":"#gspb_row-id-gsbp-9528fda7-dc69{justify-content:space-between;display:flex;flex-wrap:wrap;margin-top:30px;margin-bottom:24px}#gspb_row-id-gsbp-9528fda7-dc69>.gspb_row__content{display:flex;justify-content:space-between;margin:0 auto;width:100%;flex-wrap:wrap}.gspb_row{position:relative}div[id^=gspb_col-id]{box-sizing:border-box;position:relative;padding:var(--gs-row-column-padding, 15px min(3vw, 20px))}@media (max-width:991.98px){#gspb_row-id-gsbp-9528fda7-dc69>.gspb_row__content{row-gap:50px}}body.gspb-bodyfront #gspb_row-id-gsbp-9528fda7-dc69>.gspb_row__content{width:var(--theme-container-width, 1200px);max-width:var(--theme-normal-container-max-width, 1200px)}@media (max-width:991.98px){#gspb_row-id-gsbp-9528fda7-dc69{margin-bottom:100px}}@media (max-width:575.98px){#gspb_row-id-gsbp-9528fda7-dc69{margin-bottom:80px}}#gspb_col-id-gsbp-a41d7a44-0623.gspb_row__col--6{width:calc(50% - 30px)}@media (max-width:991.98px){#gspb_col-id-gsbp-a41d7a44-0623.gspb_row__col--6{width:100%}}@media (max-width:767.98px){#gspb_col-id-gsbp-a41d7a44-0623.gspb_row__col--6{width:calc(100% - 0px)}}@media (max-width:575.98px){#gspb_col-id-gsbp-a41d7a44-0623.gspb_row__col--6{width:100%}}.gspb_row #gspb_col-id-gsbp-a41d7a44-0623.gspb_row__col--6{padding:0}#gspb_image-id-gsbp-b652a42d-f0d3 img{vertical-align:top;display:inline-block;box-sizing:border-box;max-width:100%;width:100%;aspect-ratio:4\/2}#gspb_image-id-gsbp-b652a42d-f0d3{margin-bottom:50px;height:auto}@media (max-width:991.98px){#gspb_image-id-gsbp-b652a42d-f0d3 img{aspect-ratio:4\/2}}@media (max-width:767.98px){#gspb_image-id-gsbp-b652a42d-f0d3 img{aspect-ratio:4\/2}}@media (max-width:575.98px){#gspb_image-id-gsbp-b652a42d-f0d3 img{aspect-ratio:4\/2}}#gspb_image-id-gsbp-b652a42d-f0d3 img{height:auto}@media (max-width:991.98px){#gspb_image-id-gsbp-b652a42d-f0d3,#gspb_image-id-gsbp-b652a42d-f0d3 img{height:auto}}@media (max-width:767.98px){#gspb_image-id-gsbp-b652a42d-f0d3,#gspb_image-id-gsbp-b652a42d-f0d3 img{height:auto}}@media (max-width:575.98px){#gspb_image-id-gsbp-b652a42d-f0d3,#gspb_image-id-gsbp-b652a42d-f0d3 img{height:auto}}#gspb_heading-id-gsbp-3f83d347-c290{margin-top:0}.gspb_container-id-gsbp-9602be38-8b81{flex-direction:column;box-sizing:border-box}#gspb_container-id-gsbp-2cac192d-ca21.gspb_container>p:last-of-type,#gspb_container-id-gsbp-3cfc1115-8d57.gspb_container>p:last-of-type,#gspb_container-id-gsbp-9602be38-8b81.gspb_container>p:last-of-type,#gspb_container-id-gsbp-a538df87-3bc6.gspb_container>p:last-of-type{margin-bottom:0}#gspb_container-id-gsbp-9602be38-8b81.gspb_container{position:relative;display:flex;flex-direction:row;justify-content:space-between;align-items:center;margin-bottom:20px}body.gspb-bodyfront #gspb_container-id-gsbp-9602be38-8b81.gspb_container{max-width:450px}.gspb_text-id-gsbp-b9d81680-4129{font-weight:600!important}.gspb_container-id-gsbp-2cac192d-ca21{flex-direction:column;box-sizing:border-box}#gspb_container-id-gsbp-2cac192d-ca21.gspb_container{position:relative;margin-right:15px;margin-left:15px;padding:0;border-top-style:dashed;border-top-width:2px;border-top-color:#e1e4df}body.gspb-bodyfront #gspb_container-id-gsbp-2cac192d-ca21.gspb_container{flex-grow:1}.gspb_text-id-gsbp-c7c51e1b-b53e{font-weight:600!important;margin-bottom:0!important}.gspb_container-id-gsbp-a538df87-3bc6{flex-direction:column;box-sizing:border-box}#gspb_container-id-gsbp-a538df87-3bc6.gspb_container{position:relative;display:flex;flex-direction:row;justify-content:space-between;align-items:center;margin-bottom:20px}body.gspb-bodyfront #gspb_container-id-gsbp-a538df87-3bc6.gspb_container{max-width:450px}.gspb_text-id-gsbp-7c904e54-b73e{font-weight:600!important;margin-top:0!important}.gspb_container-id-gsbp-3cfc1115-8d57{flex-direction:column;box-sizing:border-box}#gspb_container-id-gsbp-3cfc1115-8d57.gspb_container{position:relative;margin-right:15px;margin-left:15px;padding:0;border-top-style:dashed;border-top-width:2px;border-top-color:#e1e4df}body.gspb-bodyfront #gspb_container-id-gsbp-3cfc1115-8d57.gspb_container{flex-grow:1}.gspb_text-id-gsbp-5089aae8-d706{font-weight:600!important}#gspb_col-id-gsbp-391d1232-4460.gspb_row__col--6{width:calc(50% - 30px)}@media (max-width:991.98px){#gspb_col-id-gsbp-391d1232-4460.gspb_row__col--6{width:100%}}@media (max-width:767.98px){#gspb_col-id-gsbp-391d1232-4460.gspb_row__col--6{width:calc(100% - 0px)}}@media (max-width:575.98px){#gspb_col-id-gsbp-391d1232-4460.gspb_row__col--6{width:100%}}.gspb_row #gspb_col-id-gsbp-391d1232-4460.gspb_row__col--6{padding:40px 60px}@media (max-width:575.98px){.gspb_row #gspb_col-id-gsbp-391d1232-4460.gspb_row__col--6{padding:40px}}#gspb_col-id-gsbp-391d1232-4460.gspb_row__col--6{background-color:var(--wp--preset--color--palette-color-1, var(--theme-palette-color-1, #4E6D43))}#gspb_heading-id-gsbp-50a90151-db82{color:var(--wp--preset--color--palette-color-8, var(--theme-palette-color-8, #ffffff));margin-top:0}.gspb_id-gsbp-d6bf53b{display:flex}.gspb_id-gsbp-d6bf53b .gspb_map-wrapper{width:100%;height:400px;isolation:isolate}","footnotes":""},"class_list":["post-18","page","type-page","status-publish","hentry"],"blocksy_meta":{"has_hero_section":"disabled","content_style_source":"inherit","vertical_spacing_source":"custom","content_area_spacing":"none"},"acf":[],"_links":{"self":[{"href":"https:\/\/eylulcelikyapiprefabrik.com.tr\/index.php\/wp-json\/wp\/v2\/pages\/18","targetHints":{"allow":["GET"]}}],"collection":[{"href":"https:\/\/eylulcelikyapiprefabrik.com.tr\/index.php\/wp-json\/wp\/v2\/pages"}],"about":[{"href":"https:\/\/eylulcelikyapiprefabrik.com.tr\/index.php\/wp-json\/wp\/v2\/types\/page"}],"author":[{"embeddable":true,"href":"https:\/\/eylulcelikyapiprefabrik.com.tr\/index.php\/wp-json\/wp\/v2\/users\/1"}],"replies":[{"embeddable":true,"href":"https:\/\/eylulcelikyapiprefabrik.com.tr\/index.php\/wp-json\/wp\/v2\/comments?post=18"}],"version-history":[{"count":2,"href":"https:\/\/eylulcelikyapiprefabrik.com.tr\/index.php\/wp-json\/wp\/v2\/pages\/18\/revisions"}],"predecessor-version":[{"id":1775,"href":"https:\/\/eylulcelikyapiprefabrik.com.tr\/index.php\/wp-json\/wp\/v2\/pages\/18\/revisions\/1775"}],"wp:attachment":[{"href":"https:\/\/eylulcelikyapiprefabrik.com.tr\/index.php\/wp-json\/wp\/v2\/media?parent=18"}],"curies":[{"name":"wp","href":"https:\/\/api.w.org\/{rel}","templated":true}]}}